{"id":363,"date":"2024-11-14T15:24:43","date_gmt":"2024-11-14T21:24:43","guid":{"rendered":"https:\/\/pacificweddingscr.com\/quienes-somos\/"},"modified":"2024-11-14T17:03:27","modified_gmt":"2024-11-14T23:03:27","slug":"quienes-somos","status":"publish","type":"page","link":"https:\/\/pacificweddingscr.com\/es\/quienes-somos\/","title":{"rendered":"Qui\u00e9nes somos"},"content":{"rendered":"<p><div class=\"fusion-fullwidth fullwidth-box fusion-builder-row-1 fusion-flex-container has-pattern-background has-mask-background nonhundred-percent-fullwidth non-hundred-percent-height-scrolling\" style=\"--awb-border-radius-top-left:0px;--awb-border-radius-top-right:0px;--awb-border-radius-bottom-right:0px;--awb-border-radius-bottom-left:0px;--awb-padding-top:25px;--awb-padding-right:5%;--awb-padding-bottom:25px;--awb-padding-left:5%;--awb-padding-right-medium:3%;--awb-padding-left-medium:3%;--awb-padding-right-small:5%;--awb-padding-left-small:5%;--awb-flex-wrap:wrap;\" ><div class=\"fusion-builder-row fusion-row fusion-flex-align-items-flex-start fusion-flex-justify-content-center fusion-flex-content-wrap\" style=\"max-width:calc( 1280px + 20px );margin-left: calc(-20px \/ 2 );margin-right: calc(-20px \/ 2 );\"><div class=\"fusion-layout-column fusion_builder_column fusion-builder-column-0 fusion_builder_column_5_6 5_6 fusion-flex-column fusion-animated\" style=\"--awb-padding-bottom:50px;--awb-padding-bottom-small:0px;--awb-bg-size:cover;--awb-width-large:83.333333333333%;--awb-margin-top-large:0px;--awb-spacing-right-large:10px;--awb-margin-bottom-large:0px;--awb-spacing-left-large:10px;--awb-width-medium:100%;--awb-order-medium:0;--awb-spacing-right-medium:10px;--awb-spacing-left-medium:10px;--awb-width-small:100%;--awb-order-small:0;--awb-spacing-right-small:10px;--awb-spacing-left-small:10px;\" data-animationType=\"fadeInUp\" data-animationDuration=\"1.0\" data-animationOffset=\"top-into-view\"><div class=\"fusion-column-wrapper fusion-column-has-shadow fusion-flex-justify-content-flex-start fusion-content-layout-column\"><div class=\"fusion-title title fusion-title-1 fusion-sep-none fusion-title-center fusion-title-text fusion-title-size-two\" style=\"--awb-text-color:var(--awb-color5);--awb-margin-top-small:0px;--awb-margin-right-small:0px;--awb-margin-bottom-small:5px;--awb-margin-left-small:0px;\"><h2 class=\"fusion-title-heading title-heading-center\" style=\"margin:0;\">La Familia de Pacific<\/h2><\/div><div class=\"fusion-text fusion-text-1 fusion-text-no-margin\" style=\"--awb-content-alignment:center;--awb-font-size:var(--awb-typography4-font-size);--awb-line-height:var(--awb-typography4-line-height);--awb-letter-spacing:var(--awb-typography4-letter-spacing);--awb-text-transform:var(--awb-typography4-text-transform);--awb-text-color:var(--awb-color5);--awb-margin-top:0px;--awb-margin-right:0px;--awb-margin-bottom:0px;--awb-margin-left:0px;--awb-text-font-family:&quot;Poppins&quot;;--awb-text-font-style:normal;--awb-text-font-weight:300;\"><p>Bienvenidos a <strong><a href=\"https:\/\/pacificweddingscr.com\/es\/\">Pacific Weddings<\/a><\/strong>\u00a0la nueva divisi\u00f3n de <strong><a href=\"https:\/\/pacificphotographycr.com\" target=\"_blank\" rel=\"noopener\">Pacific Photography<\/a><\/strong>. Con m\u00e1s de 15 a\u00f1os capturando historias de amor a trav\u00e9s de nuestros objetivos, estamos orgullosos de ampliar nuestra experiencia para crear las bodas de tus sue\u00f1os. Como empresa familiar, nos hemos expandido incorporando a nuestras esposas, combinando su pasi\u00f3n y talento para la organizaci\u00f3n de bodas con nuestro compromiso con la perfecci\u00f3n. Desde tu visi\u00f3n inicial hasta el momento final, nuestra familia se dedica a crear bodas inolvidables en Costa Rica, trat\u00e1ndote como si fueras parte de nuestra familia. Conf\u00eda en nuestra experiencia, creatividad y sincera dedicaci\u00f3n para hacer que tu d\u00eda especial sea realmente extraordinario.<\/p>\n<\/div><div class=\"fusion-image-element \" style=\"text-align:center;--awb-liftup-border-radius:20px;--awb-margin-top:25px;--awb-margin-right:0px;--awb-margin-bottom:0px;--awb-margin-left:0px;--awb-caption-title-font-family:var(--h2_typography-font-family);--awb-caption-title-font-weight:var(--h2_typography-font-weight);--awb-caption-title-font-style:var(--h2_typography-font-style);--awb-caption-title-size:var(--h2_typography-font-size);--awb-caption-title-transform:var(--h2_typography-text-transform);--awb-caption-title-line-height:var(--h2_typography-line-height);--awb-caption-title-letter-spacing:var(--h2_typography-letter-spacing);\"><div class=\"awb-image-frame awb-image-frame-1 imageframe-liftup imageframe-1\"><span class=\" fusion-imageframe imageframe-none imageframe-1\" style=\"border-radius:20px;\"><img decoding=\"async\" width=\"2000\" height=\"885\" alt=\"Familia del Pac\u00edfico, Fotograf\u00eda del Pac\u00edfico y Bodas del Pac\u00edfico\" title=\"pacific-costa-rica-family\" src=\"data:image\/svg+xml,%3Csvg%20xmlns%3D%27http%3A%2F%2Fwww.w3.org%2F2000%2Fsvg%27%20width%3D%272000%27%20height%3D%27885%27%20viewBox%3D%270%200%202000%20885%27%3E%3Crect%20width%3D%272000%27%20height%3D%27885%27%20fill-opacity%3D%220%22%2F%3E%3C%2Fsvg%3E\" data-orig-src=\"https:\/\/pacificweddingscr.com\/wp-content\/uploads\/2024\/11\/pacific-costa-rica-family.jpg\" class=\"lazyload img-responsive wp-image-361\"\/><\/span><\/div><\/div><\/div><\/div><\/div><\/div><div class=\"fusion-fullwidth fullwidth-box fusion-builder-row-2 fusion-flex-container has-pattern-background has-mask-background fusion-parallax-fixed nonhundred-percent-fullwidth non-hundred-percent-height-scrolling lazyload\" style=\"--awb-border-radius-top-left:0px;--awb-border-radius-top-right:0px;--awb-border-radius-bottom-right:0px;--awb-border-radius-bottom-left:0px;--awb-padding-top:100px;--awb-padding-right:10%;--awb-padding-bottom:100px;--awb-padding-left:5%;--awb-padding-right-small:5%;--awb-padding-left-small:5%;--awb-background-image:linear-gradient(180deg, rgba(255,255,255,0.5) 0%,rgba(255,255,255,0.5) 100%);;--awb-background-size:cover;--awb-flex-wrap:wrap;background-attachment:fixed;\" data-bg=\"https:\/\/pacificweddingscr.com\/wp-content\/uploads\/2024\/11\/weddings-in-costa-rica-planners.jpg\" data-bg-gradient=\"linear-gradient(180deg, rgba(255,255,255,0.5) 0%,rgba(255,255,255,0.5) 100%)\" ><div class=\"fusion-builder-row fusion-row fusion-flex-align-items-center fusion-flex-justify-content-center fusion-flex-content-wrap\" style=\"max-width:1331.2px;margin-left: calc(-4% \/ 2 );margin-right: calc(-4% \/ 2 );\"><div class=\"fusion-layout-column fusion_builder_column fusion-builder-column-1 fusion_builder_column_3_4 3_4 fusion-flex-column\" style=\"--awb-bg-size:cover;--awb-width-large:75%;--awb-margin-top-large:0px;--awb-spacing-right-large:2.56%;--awb-margin-bottom-large:0px;--awb-spacing-left-large:2.56%;--awb-width-medium:75%;--awb-order-medium:0;--awb-spacing-right-medium:2.56%;--awb-spacing-left-medium:2.56%;--awb-width-small:100%;--awb-order-small:0;--awb-spacing-right-small:1.92%;--awb-spacing-left-small:1.92%;\"><div class=\"fusion-column-wrapper fusion-column-has-shadow fusion-flex-justify-content-flex-start fusion-content-layout-column\"><div class=\"fusion-title title fusion-title-2 fusion-sep-none fusion-title-center fusion-title-highlight fusion-animate-loop fusion-highlight-underline fusion-title-size-five\" style=\"--awb-text-color:var(--awb-color5);--awb-highlight-width:4;--awb-margin-bottom:25px;--awb-margin-top-small:0px;--awb-margin-right-small:0px;--awb-margin-bottom-small:5px;--awb-margin-left-small:0px;--awb-font-size:35px;\" data-highlight=\"underline\"><h5 class=\"fusion-title-heading title-heading-center\" style=\"font-family:&quot;Poppins&quot;;font-style:normal;font-weight:300;margin:0;letter-spacing:var(--awb-typography1-letter-spacing);text-transform:var(--awb-typography1-text-transform);font-size:1em;line-height:var(--awb-typography1-line-height);\"><span class=\"fusion-highlighted-text-prefix\">Llevemos la Boda de <\/span> <span class=\"fusion-highlighted-text-wrapper\"><span class=\"fusion-highlighted-text\" style=\"color:var(--awb-color5);\">tus sue\u00f1os<\/span><svg xmlns=\"http:\/\/www.w3.org\/2000\/svg\" viewBox=\"0 0 500 150\" preserveAspectRatio=\"none\"><path d=\"M8.1,146.2c0,0,240.6-55.6,479-13.8\"><\/path><\/svg><\/span> <span class=\"fusion-highlighted-text-postfix\"> a la vida con la mezcla perfecta de planificaci\u00f3n y atenci\u00f3n sincera.<\/span><\/h5><\/div><div style=\"text-align:center;\"><a class=\"fusion-button button-flat fusion-button-default-size button-default fusion-button-default button-1 fusion-button-default-span fusion-button-default-type\" target=\"_self\" title=\"Empieza a planificar la boda de tus sue\u00f1os en Costa Rica\" aria-label=\"Empieza a planificar la boda de tus sue\u00f1os en Costa Rica\" href=\"#awb-oc__335\"><span class=\"fusion-button-text awb-button__text awb-button__text--default\">Planifica la boda de tus sue\u00f1os<\/span><\/a><\/div><\/div><\/div><\/div><\/div><\/p>\n","protected":false},"excerpt":{"rendered":"","protected":false},"author":1,"featured_media":361,"parent":0,"menu_order":5,"comment_status":"closed","ping_status":"closed","template":"100-width.php","meta":{"footnotes":""},"class_list":["post-363","page","type-page","status-publish","has-post-thumbnail","hentry"],"aioseo_notices":[],"_links":{"self":[{"href":"https:\/\/pacificweddingscr.com\/es\/wp-json\/wp\/v2\/pages\/363","targetHints":{"allow":["GET"]}}],"collection":[{"href":"https:\/\/pacificweddingscr.com\/es\/wp-json\/wp\/v2\/pages"}],"about":[{"href":"https:\/\/pacificweddingscr.com\/es\/wp-json\/wp\/v2\/types\/page"}],"author":[{"embeddable":true,"href":"https:\/\/pacificweddingscr.com\/es\/wp-json\/wp\/v2\/users\/1"}],"replies":[{"embeddable":true,"href":"https:\/\/pacificweddingscr.com\/es\/wp-json\/wp\/v2\/comments?post=363"}],"version-history":[{"count":0,"href":"https:\/\/pacificweddingscr.com\/es\/wp-json\/wp\/v2\/pages\/363\/revisions"}],"wp:featuredmedia":[{"embeddable":true,"href":"https:\/\/pacificweddingscr.com\/es\/wp-json\/wp\/v2\/media\/361"}],"wp:attachment":[{"href":"https:\/\/pacificweddingscr.com\/es\/wp-json\/wp\/v2\/media?parent=363"}],"curies":[{"name":"wp","href":"https:\/\/api.w.org\/{rel}","templated":true}]}}